{"id":68,"date":"2014-07-28T23:11:13","date_gmt":"2014-07-28T22:11:13","guid":{"rendered":"http:\/\/cabinet-premont.eu\/cp\/?page_id=68"},"modified":"2026-02-03T22:57:02","modified_gmt":"2026-02-03T21:57:02","slug":"mentions-legales","status":"publish","type":"page","link":"https:\/\/www.cabinet-premont.com\/cp\/contacts\/mentions-legales\/","title":{"rendered":"Mentions L\u00e9gales"},"content":{"rendered":"<p style=\"color: #5c5c5c; text-align: center;\"><strong>MENTIONS L\u00c9GALES<\/strong><\/p>\n<p style=\"color: #5c5c5c;\">Enregistrement du site du Cabinet Pr\u00e9mont aupr\u00e8s de l&rsquo;ordre des avocats.<\/p>\n<p><span style=\"color: #000000;\">D\u00e9signation : CABINET PREMONT<\/span><span style=\"color: #000000;\"><span style=\"color: #5c5c5c;\">\u00a0<\/span><\/span><span style=\"color: #000000;\">SELARL<\/span><\/p>\n<p><span style=\"color: #000000;\">SIRET : 501 735 468 00024<\/span><br \/><span style=\"color: #000000;\"> Toque : C1397<\/span><br \/><span style=\"color: #000000;\">16 rue Dauphine &#8211; 75006 PARIS<\/span><br \/><span style=\"color: #000000;\"> T\u00e9l\u00e9phone : 01 42 33 76 58<\/span><br \/><span style=\"color: #000000;\"> T\u00e9l\u00e9copie : 01 42 33 58 44<\/span><br \/><span style=\"color: #000000;\"> Adresse \u00e9lectronique :\u00a0<span style=\"color: #000000;\"><a style=\"font-weight: bold; color: #008eb2;\" href=\"mailto:contact@cabinet-premont.com\">contact@cabinet-premont.com<\/a><\/span><\/span><\/p>\n<div dir=\"ltr\">Publication<br \/>Directeur de publication : Me Nicolas Pr\u00e9mont\n<p>\u00a0<\/p>\n<p>H\u00e9bergeur : Infomaniak\u00a0<\/p>\n<\/div>\n<div dir=\"ltr\">25 Eug\u00e8ne-Marziano <br \/>1227 Les Acacias <br \/>T\u00e9l. : +41 (0) 22 820 35 44<\/div>\n<div dir=\"ltr\">Suisse<\/div>\n<div dir=\"ltr\"><b>Conditions g\u00e9n\u00e9rales d\u2019utilisation du site et des services propos\u00e9s.<\/b><br \/>L\u2019utilisation du site <a href=\"http:\/\/www.cabinet-premont.com\/\" target=\"_blank\" rel=\"noopener noreferrer\" data-saferedirecturl=\"https:\/\/www.google.com\/url?q=http:\/\/www.cabinet-premont.com&amp;source=gmail&amp;ust=1606145106806000&amp;usg=AFQjCNFPO8GX4IPRW5NV0GtYOK-1VMPqWg\">www.cabinet-premont.com<\/a> implique l\u2019acceptation pleine et enti\u00e8re des conditions g\u00e9n\u00e9rales d\u2019utilisation ci-apr\u00e8s d\u00e9crites. Ces conditions d\u2019utilisation sont susceptibles d\u2019\u00eatre modifi\u00e9es ou compl\u00e9t\u00e9es \u00e0 tout moment, les utilisateurs du site sont donc invit\u00e9s \u00e0 les consulter de mani\u00e8re r\u00e9guli\u00e8re.<br \/>Ce site est normalement accessible \u00e0 tout moment aux utilisateurs. Une interruption pour raison de maintenance technique peut \u00eatre toutefois d\u00e9cid\u00e9e par Ma\u00eetre Nicolas Pr\u00e9mont qui communiquera, dans la mesure du possible, pr\u00e9alablement aux utilisateurs les dates et heures de l\u2019intervention.<br \/>Le site <a href=\"http:\/\/www.cabinet-premont.com\/\" target=\"_blank\" rel=\"noopener noreferrer\" data-saferedirecturl=\"https:\/\/www.google.com\/url?q=http:\/\/www.cabinet-premont.com&amp;source=gmail&amp;ust=1606145106806000&amp;usg=AFQjCNFPO8GX4IPRW5NV0GtYOK-1VMPqWg\">www.cabinet-premont.com<\/a> est mis \u00e0 jour r\u00e9guli\u00e8rement. De la m\u00eame fa\u00e7on, les mentions l\u00e9gales peuvent \u00eatre modifi\u00e9es \u00e0 tout moment : elles s\u2019imposent n\u00e9anmoins \u00e0 l\u2019utilisateur qui est invit\u00e9 \u00e0 s\u2019y r\u00e9f\u00e9rer le plus souvent possible afin d\u2019en prendre connaissance.<\/div>\n<div dir=\"ltr\"><strong>Description des services fournis.<\/strong><br \/>Le site <a href=\"http:\/\/www.cabinet-premont.com\/\" target=\"_blank\" rel=\"noopener noreferrer\" data-saferedirecturl=\"https:\/\/www.google.com\/url?q=http:\/\/www.cabinet-premont.com&amp;source=gmail&amp;ust=1606145106806000&amp;usg=AFQjCNFPO8GX4IPRW5NV0GtYOK-1VMPqWg\">www.cabinet-premont.com<\/a> a pour objet de fournir une information concernant l\u2019ensemble des activit\u00e9s de Ma\u00eetre Nicolas Pr\u00e9mont.<br \/>Les informations fournies sont aussi pr\u00e9cises que possible. Toutefois, elle ne pourra \u00eatre tenue responsable des omissions, des inexactitudes et des carences dans la mise \u00e0 jour, qu\u2019elles soient de son fait ou du fait des tiers partenaires qui lui fournissent ces informations.<br \/>Toutes les informations indiqu\u00e9es sur le site sont donn\u00e9es \u00e0 titre indicatif, et sont susceptibles d\u2019\u00e9voluer. Les renseignements ne sont pas exhaustifs et sont donn\u00e9s sous r\u00e9serve de modifications \u00e9ventuelles.<\/div>\n<div dir=\"ltr\"><b>Propri\u00e9t\u00e9 intellectuelle et contrefa\u00e7ons.<\/b><br \/>Ma\u00eetre Nicolas Pr\u00e9mont est propri\u00e9taire des droits de propri\u00e9t\u00e9 intellectuelle ou d\u00e9tient les droits d\u2019usage sur tous les \u00e9l\u00e9ments accessibles sur le site, notamment les textes, images, graphismes, logo, ic\u00f4nes, sons, logiciels.<br \/>Toute reproduction, repr\u00e9sentation, modification, publication, adaptation de tout ou partie des \u00e9l\u00e9ments du site, quel que soit le moyen ou le proc\u00e9d\u00e9 utilis\u00e9, est interdite, sauf autorisation \u00e9crite pr\u00e9alable de Ma\u00eetre Nicolas Pr\u00e9mont.<br \/>Toute exploitation non autoris\u00e9e du site ou de l\u2019un quelconque des \u00e9l\u00e9ments qu\u2019il contient sera consid\u00e9r\u00e9e comme constitutive d\u2019une contrefa\u00e7on et poursuivie conform\u00e9ment aux dispositions des articles L.335-2 et suivants du Code de Propri\u00e9t\u00e9 Intellectuelle.<\/div>\n<div dir=\"ltr\"><b>Limitations de responsabilit\u00e9.<\/b><br \/>Ma\u00eetre Nicolas Pr\u00e9mont ne pourra \u00eatre tenu\u00a0responsable des dommages directs et indirects caus\u00e9s au mat\u00e9riel de l\u2019utilisateur r\u00e9sultant soit de l\u2019utilisation d\u2019un mat\u00e9riel ne r\u00e9pondant pas aux sp\u00e9cifications techniques de base, soit de l\u2019apparition d\u2019un bug ou d\u2019une incompatibilit\u00e9.<br \/>Il ne pourra \u00eatre tenu\u00a0responsable des dommages indirects (tels par exemple qu\u2019une perte de march\u00e9 ou perte d\u2019une chance) cons\u00e9cutifs \u00e0 l\u2019utilisation du site <a href=\"http:\/\/www.cabinet-premont.com\/\" target=\"_blank\" rel=\"noopener noreferrer\" data-saferedirecturl=\"https:\/\/www.google.com\/url?q=http:\/\/www.cabinet-premont.com&amp;source=gmail&amp;ust=1606145106806000&amp;usg=AFQjCNFPO8GX4IPRW5NV0GtYOK-1VMPqWg\">www.cabinet-premont.com<\/a>.<\/div>\n<div dir=\"ltr\"><b>Gestion des donn\u00e9es personnelles (RGPD).<\/b><br \/>Depuis le 25 mai 2018, est applicable le R\u00e8glement europ\u00e9en g\u00e9n\u00e9ral de protection des donn\u00e9es personnelles (RGPD \u2013 EU n\u00b02016\/679) qui impose d\u2019informer les clients sur les modalit\u00e9s de traitement, de transmission, de conservation et plus g\u00e9n\u00e9ralement sur leurs droits en mati\u00e8re de donn\u00e9es personnelles nominatives.<br \/>Le client est inform\u00e9 de ce que l\u2019Avocat ainsi que la structure d\u2019exercice \u00e0 laquelle il appartient, \u00e0 savoir la Cabinet de Ma\u00eetre Nicolas Pr\u00e9mont met en \u0153uvre des traitements de donn\u00e9es \u00e0 caract\u00e8re personnel afin de lui permettre d\u2019assurer la gestion, la facturation, le suivi des dossiers de ses clients et la prospection, et ce sur une base l\u00e9gale, dans le cadre d\u2019une ex\u00e9cution contractuelle et pr\u00e9contractuelle de la mission.<br \/>Les destinataires des donn\u00e9es sont : les juridictions, les administrations publiques, les parties adverses, les auxiliaires de justice et de mani\u00e8re g\u00e9n\u00e9rale tous les professionnels du droit amen\u00e9s \u00e0 intervenir dans le dossier du client (de la cliente) ou en lien avec celui-ci, et pour la stricte n\u00e9cessit\u00e9 de l\u2019ex\u00e9cution de la mission de l\u2019Avocat.<br \/>Les informations recueillies font l\u2019objet d\u2019un traitement informatique destin\u00e9 \u00e0 assurer la mission confi\u00e9e par le client (la cliente) dans le cadre des prestations juridiques et judiciaires exclusivement. Le logiciel de traitement se nomme <b>AGESTIA<\/b>.<\/div>\n<div dir=\"ltr\">Ces donn\u00e9es sont n\u00e9cessaires pour la bonne gestion des clients et de leurs dossiers et sont destin\u00e9es aux services habilit\u00e9s de notre Cabinet dont le service comptabilit\u00e9.<br \/>La dur\u00e9e de conservation des donn\u00e9es correspond \u00e0 la dur\u00e9e d\u2019ex\u00e9cution de la mission. Les donn\u00e9es sont, \u00e0 l\u2019issue de celle-ci, archiv\u00e9es.<br \/>Conform\u00e9ment \u00e0 la loi Informatique et Libert\u00e9s du 6 janvier 1978 modifi\u00e9e, vous b\u00e9n\u00e9ficiez d\u2019un droit d\u2019acc\u00e8s aux donn\u00e9es vous concernant, de rectification, d\u2019interrogation, d\u2019opposition pour motif l\u00e9gitime et \u00e0 la prospection en adressant un courrier par voie \u00e9lectronique \u00e0 l\u2019adresse suivante : <a href=\"mailto:contact@cabinet-premont.com\" target=\"_blank\" rel=\"noopener noreferrer\">contact@cabinet-premont.com<\/a>, accompagn\u00e9 d\u2019une copie d\u2019un titre d\u2019identit\u00e9 sign\u00e9.<\/div>\n<div dir=\"ltr\">Vous pouvez \u00e9galement, pour des motifs l\u00e9gitimes, vous opposer au traitement des donn\u00e9es vous concernant.<\/div>\n<hr \/>\n<div class=\"align_image\" style=\"color: #5c5c5c;\"><strong><span style=\"color: #000000;\">\u00a0<\/span><\/strong><\/div>\n\n","protected":false},"excerpt":{"rendered":"<p>MENTIONS L\u00c9GALES Enregistrement du site du Cabinet Pr\u00e9mont aupr\u00e8s de l&rsquo;ordre des avocats. D\u00e9signation : CABINET PREMONT\u00a0SELARL SIRET : 501 735 468 00024 Toque : C139716 rue Dauphine &#8211; 75006 PARIS T\u00e9l\u00e9phone : 01 42 33 76 58 T\u00e9l\u00e9copie : 01 42 33 58 44 Adresse \u00e9lectronique :\u00a0contact@cabinet-premont.com PublicationDirecteur de publication : Me Nicolas Pr\u00e9mont &hellip; <a href=\"https:\/\/www.cabinet-premont.com\/cp\/contacts\/mentions-legales\/\" class=\"more-link\">Continuer la lecture de <span class=\"screen-reader-text\">Mentions L\u00e9gales<\/span> <span class=\"meta-nav\">&rarr;<\/span><\/a><\/p>\n","protected":false},"author":3,"featured_media":0,"parent":54,"menu_order":9,"comment_status":"closed","ping_status":"closed","template":"","meta":{"_exactmetrics_skip_tracking":false,"_exactmetrics_sitenote_active":false,"_exactmetrics_sitenote_note":"","_exactmetrics_sitenote_category":0,"footnotes":""},"class_list":["post-68","page","type-page","status-publish","hentry"],"_links":{"self":[{"href":"https:\/\/www.cabinet-premont.com\/cp\/wp-json\/wp\/v2\/pages\/68","targetHints":{"allow":["GET"]}}],"collection":[{"href":"https:\/\/www.cabinet-premont.com\/cp\/wp-json\/wp\/v2\/pages"}],"about":[{"href":"https:\/\/www.cabinet-premont.com\/cp\/wp-json\/wp\/v2\/types\/page"}],"author":[{"embeddable":true,"href":"https:\/\/www.cabinet-premont.com\/cp\/wp-json\/wp\/v2\/users\/3"}],"replies":[{"embeddable":true,"href":"https:\/\/www.cabinet-premont.com\/cp\/wp-json\/wp\/v2\/comments?post=68"}],"version-history":[{"count":22,"href":"https:\/\/www.cabinet-premont.com\/cp\/wp-json\/wp\/v2\/pages\/68\/revisions"}],"predecessor-version":[{"id":676,"href":"https:\/\/www.cabinet-premont.com\/cp\/wp-json\/wp\/v2\/pages\/68\/revisions\/676"}],"up":[{"embeddable":true,"href":"https:\/\/www.cabinet-premont.com\/cp\/wp-json\/wp\/v2\/pages\/54"}],"wp:attachment":[{"href":"https:\/\/www.cabinet-premont.com\/cp\/wp-json\/wp\/v2\/media?parent=68"}],"curies":[{"name":"wp","href":"https:\/\/api.w.org\/{rel}","templated":true}]}}