{"id":62,"date":"2014-07-28T23:06:45","date_gmt":"2014-07-28T22:06:45","guid":{"rendered":"http:\/\/cabinet-premont.eu\/cp\/?page_id=62"},"modified":"2014-08-12T08:28:19","modified_gmt":"2014-08-12T07:28:19","slug":"preparer-son-rendez-vous","status":"publish","type":"page","link":"https:\/\/www.cabinet-premont.com\/cp\/contacts\/preparer-son-rendez-vous\/","title":{"rendered":"Pr\u00e9parez votre rendez-vous"},"content":{"rendered":"<p style=\"font-weight: normal; text-align: justify;\">Si vous avez d\u00e9cid\u00e9 de rencontrer Ma\u00eetre Nicolas PR\u00c9MONT ou l&rsquo;un de ses collaborateurs, et pour aider \u00e0 optimiser ce rendez-vous, il est souhaitable que vous pr\u00e9pariez cet entretien, en :<\/p>\n<p style=\"text-align: justify;\">1 &#8211; Notant au pr\u00e9alable\u00a0<strong>les questions que vous souhaitez nous poser.<\/strong><\/p>\n<p style=\"text-align: justify;\">2 &#8211;\u00a0<strong>Apportant l\u2019ensemble des documents<\/strong>\u00a0se rapportant aux probl\u00e8mes juridiques que vous nous soumettrez.<\/p>\n<p style=\"text-align: justify;\">Ces documents permettront d\u2019analyser et de cerner les difficult\u00e9s auxquelles vous \u00eates confront\u00e9. Ils nous permettront \u00e9ventuellement d\u2019\u00e9tablir le bien-fond\u00e9 de votre demande devant les juridictions.<\/p>\n<p style=\"text-align: justify;\">L&rsquo;analyse des documents \u00e9crits est primordiale!<\/p>\n","protected":false},"excerpt":{"rendered":"<p>Si vous avez d\u00e9cid\u00e9 de rencontrer Ma\u00eetre Nicolas PR\u00c9MONT ou l&rsquo;un de ses collaborateurs, et pour aider \u00e0 optimiser ce rendez-vous, il est souhaitable que vous pr\u00e9pariez cet entretien, en : 1 &#8211; Notant au pr\u00e9alable\u00a0les questions que vous souhaitez nous poser. 2 &#8211;\u00a0Apportant l\u2019ensemble des documents\u00a0se rapportant aux probl\u00e8mes juridiques que vous nous soumettrez. &hellip; <a href=\"https:\/\/www.cabinet-premont.com\/cp\/contacts\/preparer-son-rendez-vous\/\" class=\"more-link\">Continuer la lecture de <span class=\"screen-reader-text\">Pr\u00e9parez votre rendez-vous<\/span> <span class=\"meta-nav\">&rarr;<\/span><\/a><\/p>\n","protected":false},"author":3,"featured_media":0,"parent":54,"menu_order":2,"comment_status":"closed","ping_status":"closed","template":"","meta":{"_exactmetrics_skip_tracking":false,"_exactmetrics_sitenote_active":false,"_exactmetrics_sitenote_note":"","_exactmetrics_sitenote_category":0,"footnotes":""},"class_list":["post-62","page","type-page","status-publish","hentry"],"_links":{"self":[{"href":"https:\/\/www.cabinet-premont.com\/cp\/wp-json\/wp\/v2\/pages\/62","targetHints":{"allow":["GET"]}}],"collection":[{"href":"https:\/\/www.cabinet-premont.com\/cp\/wp-json\/wp\/v2\/pages"}],"about":[{"href":"https:\/\/www.cabinet-premont.com\/cp\/wp-json\/wp\/v2\/types\/page"}],"author":[{"embeddable":true,"href":"https:\/\/www.cabinet-premont.com\/cp\/wp-json\/wp\/v2\/users\/3"}],"replies":[{"embeddable":true,"href":"https:\/\/www.cabinet-premont.com\/cp\/wp-json\/wp\/v2\/comments?post=62"}],"version-history":[{"count":6,"href":"https:\/\/www.cabinet-premont.com\/cp\/wp-json\/wp\/v2\/pages\/62\/revisions"}],"predecessor-version":[{"id":448,"href":"https:\/\/www.cabinet-premont.com\/cp\/wp-json\/wp\/v2\/pages\/62\/revisions\/448"}],"up":[{"embeddable":true,"href":"https:\/\/www.cabinet-premont.com\/cp\/wp-json\/wp\/v2\/pages\/54"}],"wp:attachment":[{"href":"https:\/\/www.cabinet-premont.com\/cp\/wp-json\/wp\/v2\/media?parent=62"}],"curies":[{"name":"wp","href":"https:\/\/api.w.org\/{rel}","templated":true}]}}