{"id":37,"date":"2014-07-28T22:50:10","date_gmt":"2014-07-28T21:50:10","guid":{"rendered":"http:\/\/cabinet-premont.eu\/cp\/?page_id=37"},"modified":"2019-08-29T09:08:19","modified_gmt":"2019-08-29T08:08:19","slug":"maitre-nicolas-premont","status":"publish","type":"page","link":"https:\/\/www.cabinet-premont.com\/cp\/maitre-nicolas-premont\/","title":{"rendered":"Ma\u00eetre Nicolas Pr\u00e9mont"},"content":{"rendered":"<p style=\"color: #5c5c5c; padding-left: 60px;\">\n<p style=\"text-align: justify;\"><strong> <img loading=\"lazy\" decoding=\"async\" class=\"alignnone size-large wp-image-638\" src=\"https:\/\/www.cabinet-premont.com\/cp\/wp-content\/uploads\/2019\/08\/web-NP-749x1024.jpg\" alt=\"\" width=\"604\" height=\"826\" srcset=\"https:\/\/www.cabinet-premont.com\/cp\/wp-content\/uploads\/2019\/08\/web-NP-749x1024.jpg 749w, https:\/\/www.cabinet-premont.com\/cp\/wp-content\/uploads\/2019\/08\/web-NP-219x300.jpg 219w, https:\/\/www.cabinet-premont.com\/cp\/wp-content\/uploads\/2019\/08\/web-NP-768x1051.jpg 768w, https:\/\/www.cabinet-premont.com\/cp\/wp-content\/uploads\/2019\/08\/web-NP.jpg 840w\" sizes=\"auto, (max-width: 604px) 100vw, 604px\" \/>Ma\u00eetre Nicolas\u00a0PR\u00c9MONT<\/strong><br \/>\navocat associ\u00e9<\/p>\n<p style=\"text-align: justify;\">Fort de ses exp\u00e9riences professionnelles de clerc de notaire, d&rsquo;inspecteur des imp\u00f4ts et de juriste d&rsquo;entreprise Ma\u00eetre\u00a0Nicolas PR\u00c9MONT vous aidera dans vos d\u00e9clarations fiscales, les diff\u00e9rents contentieux, les r\u00e9clamations et demandes de d\u00e9gr\u00e8vements \u00e0 formuler.<\/p>\n<p>Son exp\u00e9rience de l&rsquo;entreprise vous apportera les suivis juridiques et fiscaux dont vous pourriez avoir besoin.<\/p>\n<p style=\"text-align: justify;\">Nicolas PR\u00c9MONT a pr\u00eat\u00e9 serment en 1995. L\u2019exercice, pr\u00e9c\u00e9demment, des professions de clerc de notaire, d\u2019inspecteur des imp\u00f4ts et de juriste d\u2019entreprise lui ont permis d\u2019acqu\u00e9rir une exp\u00e9rience reconnue en droit fiscal et douanier, en droit des successions et en droit immobilier en g\u00e9n\u00e9ral. Il exerce, aujourd\u2019hui, principalement son activit\u00e9 en droit fiscal et vous assistera dans vos d\u00e9clarations, les diff\u00e9rents contentieux, les r\u00e9clamations et demandes de d\u00e9gr\u00e8vements \u00e0 formuler devant l\u2019administration et les juridictions comp\u00e9tentes. Son exp\u00e9rience de l&rsquo;entreprise vous apportera les suivis juridiques et fiscaux dont vous pourriez avoir besoin.<\/p>\n<table>\n<tbody>\n<tr>\n<td><a href=\"mailto:np@cabinet-premont.com\"><img loading=\"lazy\" decoding=\"async\" class=\"wp-image-198 aligncenter\" title=\"Envoyer e-Mail\" src=\"http:\/\/www.cabinet-premont.com\/cp\/wp-content\/uploads\/2014\/07\/mail.png\" alt=\"Envoyer e-Mail\" width=\"30\" height=\"29\" \/><\/a><\/td>\n<td><a href=\"https:\/\/twitter.com\/avocatpremont\" target=\"_blank\" rel=\"noopener noreferrer\"><img loading=\"lazy\" decoding=\"async\" class=\"aligncenter wp-image-196\" title=\"Suivez-moi sur Twitter\" src=\"http:\/\/www.cabinet-premont.com\/cp\/wp-content\/uploads\/2014\/07\/twitter.png\" alt=\"Suivez-moi sur Twitter\" width=\"30\" height=\"29\" \/><\/a><\/td>\n<td style=\"text-align: center;\"><a href=\"http:\/\/fr.linkedin.com\/in\/nicolaspremont\" target=\"_blank\" rel=\"noopener noreferrer\"><img loading=\"lazy\" decoding=\"async\" class=\"wp-image-197\" title=\"Aller sur mon profil LinkedIn\" src=\"http:\/\/www.cabinet-premont.com\/cp\/wp-content\/uploads\/2014\/07\/Linkedin.png\" alt=\"Aller sur mon profil LinkedIn\" width=\"30\" height=\"29\" \/><\/a><\/td>\n<\/tr>\n<\/tbody>\n<\/table>\n<p style=\"text-align: left;\"><span style=\"color: #000000;\">SES PRINCIPAUX DOMAINES DE COMP\u00c9TENCES :<\/span><\/p>\n<p style=\"text-align: left;\">&#8211; DROIT FISCAL ET DOUANIER<br \/>\n&#8211; DROIT DES SUCCESSIONS<br \/>\n&#8211; VENTE ET PROMOTION IMMOBILI\u00c8RE<br \/>\n&#8211; BAUX D\u2019HABITATION ET COPROPRI\u00c9T\u00c9<br \/>\n&#8211; DROIT SOCIAL ET DU TRAVAIL<\/p>\n","protected":false},"excerpt":{"rendered":"<p>Ma\u00eetre Nicolas\u00a0PR\u00c9MONT avocat associ\u00e9 Fort de ses exp\u00e9riences professionnelles de clerc de notaire, d&rsquo;inspecteur des imp\u00f4ts et de juriste d&rsquo;entreprise Ma\u00eetre\u00a0Nicolas PR\u00c9MONT vous aidera dans vos d\u00e9clarations fiscales, les diff\u00e9rents contentieux, les r\u00e9clamations et demandes de d\u00e9gr\u00e8vements \u00e0 formuler. Son exp\u00e9rience de l&rsquo;entreprise vous apportera les suivis juridiques et fiscaux dont vous pourriez avoir besoin. &hellip; <a href=\"https:\/\/www.cabinet-premont.com\/cp\/maitre-nicolas-premont\/\" class=\"more-link\">Continuer la lecture de <span class=\"screen-reader-text\">Ma\u00eetre Nicolas Pr\u00e9mont<\/span> <span class=\"meta-nav\">&rarr;<\/span><\/a><\/p>\n","protected":false},"author":3,"featured_media":0,"parent":0,"menu_order":1,"comment_status":"closed","ping_status":"closed","template":"","meta":{"_exactmetrics_skip_tracking":false,"_exactmetrics_sitenote_active":false,"_exactmetrics_sitenote_note":"","_exactmetrics_sitenote_category":0,"footnotes":""},"class_list":["post-37","page","type-page","status-publish","hentry"],"_links":{"self":[{"href":"https:\/\/www.cabinet-premont.com\/cp\/wp-json\/wp\/v2\/pages\/37","targetHints":{"allow":["GET"]}}],"collection":[{"href":"https:\/\/www.cabinet-premont.com\/cp\/wp-json\/wp\/v2\/pages"}],"about":[{"href":"https:\/\/www.cabinet-premont.com\/cp\/wp-json\/wp\/v2\/types\/page"}],"author":[{"embeddable":true,"href":"https:\/\/www.cabinet-premont.com\/cp\/wp-json\/wp\/v2\/users\/3"}],"replies":[{"embeddable":true,"href":"https:\/\/www.cabinet-premont.com\/cp\/wp-json\/wp\/v2\/comments?post=37"}],"version-history":[{"count":75,"href":"https:\/\/www.cabinet-premont.com\/cp\/wp-json\/wp\/v2\/pages\/37\/revisions"}],"predecessor-version":[{"id":639,"href":"https:\/\/www.cabinet-premont.com\/cp\/wp-json\/wp\/v2\/pages\/37\/revisions\/639"}],"wp:attachment":[{"href":"https:\/\/www.cabinet-premont.com\/cp\/wp-json\/wp\/v2\/media?parent=37"}],"curies":[{"name":"wp","href":"https:\/\/api.w.org\/{rel}","templated":true}]}}