{"id":2,"date":"2014-07-28T21:23:30","date_gmt":"2014-07-28T20:23:30","guid":{"rendered":"http:\/\/cabinet-premont.eu\/cp\/?page_id=2"},"modified":"2020-08-19T10:34:24","modified_gmt":"2020-08-19T09:34:24","slug":"cabinet-premont-avocats-paris","status":"publish","type":"page","link":"https:\/\/www.cabinet-premont.com\/cp\/","title":{"rendered":"Le Cabinet"},"content":{"rendered":"<p style=\"text-align: center;\"><span style=\"color: #5c5c5c;\"><span style=\"color: #000000;\"><strong>UN CABINET A VOTRE \u00c9COUTE<\/strong><\/span><\/span><\/p>\n<p style=\"text-align: justify;\"><span style=\"color: #000000;\">Depuis sa cr\u00e9ation en 1995 par Nicolas PR\u00c9MONT, notre cabinet n\u2019a eu qu&rsquo;un\u00a0objectif: la satisfaction de ses clients, en demeurant attentif d\u2019exercer ses fonctions, \u00e0 leur service, avec comp\u00e9tence et diligence.<\/span><\/p>\n<p style=\"text-align: justify;\"><span style=\"color: #000000;\"><br \/>\nConscient de l\u2019importance d\u2019entretenir un contact privil\u00e9gi\u00e9 avec eux, en toute transparence et confidentialit\u00e9, notre Cabinet s\u2019est dot\u00e9 d\u2019une organisation \u00e0 taille humaine, lui permettant d\u2019allier disponibilit\u00e9 et efficacit\u00e9.<\/span><\/p>\n<p style=\"text-align: justify;\"><span style=\"color: #000000;\">Loin de n\u2019\u00eatre qu\u2019un simple prestataire de services, nous avons l\u2019ambition de devenir un partenaire actif des entreprises comme des particuliers qui nous manifestent leur confiance.<\/span><\/p>\n<p><img loading=\"lazy\" decoding=\"async\" class=\"alignnone size-full wp-image-653\" src=\"https:\/\/www.cabinet-premont.com\/cp\/wp-content\/uploads\/2020\/08\/Me-PREMONT-NICOLAS.jpg\" alt=\"\" width=\"749\" height=\"687\" srcset=\"https:\/\/www.cabinet-premont.com\/cp\/wp-content\/uploads\/2020\/08\/Me-PREMONT-NICOLAS.jpg 749w, https:\/\/www.cabinet-premont.com\/cp\/wp-content\/uploads\/2020\/08\/Me-PREMONT-NICOLAS-300x275.jpg 300w\" sizes=\"auto, (max-width: 749px) 100vw, 749px\" \/><\/p>\n<p style=\"text-align: justify;\"><span style=\"color: #000000;\">Pour assurer la d\u00e9fense de vos int\u00e9r\u00eats, notre Cabinet plaide devant les juridictions fran\u00e7aises de l\u2019ordre judiciaire et administratif et assure \u00e9galement la repr\u00e9sentation et la postulation devant les Tribunaux de Grande Instance de Paris, Nanterre, Bobigny et Cr\u00e9teil et devant la Cour d\u2019appel de Paris.<\/span><\/p>\n<p style=\"text-align: justify;\"><span style=\"color: #000000;\">Mais parce qu\u2019un avocat n\u2019a plus seulement vocation \u00e0 intervenir au stade du contentieux, notre Cabinet exerce, depuis sa cr\u00e9ation, des activit\u00e9s de conseil et de n\u00e9gociation\u00a0 pour tous les actes importants de la vie quotidienne.<\/span><\/p>\n<p style=\"text-align: justify;\"><span style=\"color: #000000;\">Soucieux de votre satisfaction, le Cabinet\u00a0 a d\u00e9velopp\u00e9 un r\u00e9seau de correspondants et de professionnels rigoureux \u00e0 la comp\u00e9tence reconnue.<\/span><\/p>\n","protected":false},"excerpt":{"rendered":"<p>UN CABINET A VOTRE \u00c9COUTE Depuis sa cr\u00e9ation en 1995 par Nicolas PR\u00c9MONT, notre cabinet n\u2019a eu qu&rsquo;un\u00a0objectif: la satisfaction de ses clients, en demeurant attentif d\u2019exercer ses fonctions, \u00e0 leur service, avec comp\u00e9tence et diligence. Conscient de l\u2019importance d\u2019entretenir un contact privil\u00e9gi\u00e9 avec eux, en toute transparence et confidentialit\u00e9, notre Cabinet s\u2019est dot\u00e9 d\u2019une &hellip; <a href=\"https:\/\/www.cabinet-premont.com\/cp\/\" class=\"more-link\">Continuer la lecture de <span class=\"screen-reader-text\">Le Cabinet<\/span> <span class=\"meta-nav\">&rarr;<\/span><\/a><\/p>\n","protected":false},"author":3,"featured_media":0,"parent":0,"menu_order":0,"comment_status":"closed","ping_status":"open","template":"","meta":{"_exactmetrics_skip_tracking":false,"_exactmetrics_sitenote_active":false,"_exactmetrics_sitenote_note":"","_exactmetrics_sitenote_category":0,"footnotes":""},"class_list":["post-2","page","type-page","status-publish","hentry"],"_links":{"self":[{"href":"https:\/\/www.cabinet-premont.com\/cp\/wp-json\/wp\/v2\/pages\/2","targetHints":{"allow":["GET"]}}],"collection":[{"href":"https:\/\/www.cabinet-premont.com\/cp\/wp-json\/wp\/v2\/pages"}],"about":[{"href":"https:\/\/www.cabinet-premont.com\/cp\/wp-json\/wp\/v2\/types\/page"}],"author":[{"embeddable":true,"href":"https:\/\/www.cabinet-premont.com\/cp\/wp-json\/wp\/v2\/users\/3"}],"replies":[{"embeddable":true,"href":"https:\/\/www.cabinet-premont.com\/cp\/wp-json\/wp\/v2\/comments?post=2"}],"version-history":[{"count":26,"href":"https:\/\/www.cabinet-premont.com\/cp\/wp-json\/wp\/v2\/pages\/2\/revisions"}],"predecessor-version":[{"id":654,"href":"https:\/\/www.cabinet-premont.com\/cp\/wp-json\/wp\/v2\/pages\/2\/revisions\/654"}],"wp:attachment":[{"href":"https:\/\/www.cabinet-premont.com\/cp\/wp-json\/wp\/v2\/media?parent=2"}],"curies":[{"name":"wp","href":"https:\/\/api.w.org\/{rel}","templated":true}]}}